{"id":4970,"date":"2017-01-02T09:54:47","date_gmt":"2017-01-02T09:54:47","guid":{"rendered":"https:\/\/tanquedavila.pt\/sobre\/"},"modified":"2025-07-05T17:33:44","modified_gmt":"2025-07-05T17:33:44","slug":"sobre","status":"publish","type":"page","link":"https:\/\/tanquedavila.pt\/pt-pt\/sobre\/","title":{"rendered":"Sobre"},"content":{"rendered":"\t\t<div data-elementor-type=\"wp-page\" data-elementor-id=\"4970\" class=\"elementor elementor-4970 elementor-2416\">\n\t\t\t\t\t\t<section class=\"elementor-section elementor-top-section elementor-element elementor-element-e37352a elementor-section-stretched elementor-section-full_width page-content elementor-section-height-default elementor-section-height-default\" data-id=\"e37352a\" data-element_type=\"section\" data-settings=\"{&quot;stretch_section&quot;:&quot;section-stretched&quot;}\">\n\t\t\t\t\t\t<div class=\"elementor-container elementor-column-gap-no\">\n\t\t\t\t\t<div class=\"elementor-column elementor-col-100 elementor-top-column elementor-element elementor-element-f9d38ad\" data-id=\"f9d38ad\" data-element_type=\"column\">\n\t\t\t<div class=\"elementor-widget-wrap elementor-element-populated\">\n\t\t\t\t\t\t<div class=\"elementor-element elementor-element-7cd9c2c elementor-widget elementor-widget-simple_title\" data-id=\"7cd9c2c\" data-element_type=\"widget\" data-widget_type=\"simple_title.default\">\n\t\t\t\t<div class=\"elementor-widget-container\">\n\t\t\t\t\t\t\t<div class=\"container\">\n\t\t\t<!-- title -->\n\t\t\t<h2 class=\"public-title-text title-underline\">Algumas palavras sobre n\u00f3s<\/h2>\n\t\t\t\t\t\t<p class=\"text-center info-text\">Somos profissionais do sector da lavandaria e da limpeza a seco, o que significa que estamos sempre a par das \u00faltimas tecnologias, m\u00e9todos de limpeza e solu\u00e7\u00f5es para lidar com n\u00f3doas ou tecidos delicados. Al\u00e9m disso, mantemos os mais elevados padr\u00f5es de integridade comercial, seguindo os regulamentos locais e nacionais e as regras de seguran\u00e7a ambiental!<\/p>\n\t\t\t\t\t\t<!-- title -->\n\t\t<\/div> \n\t\t\t\t\t\t<\/div>\n\t\t\t\t<\/div>\n\t\t\t\t\t<\/div>\n\t\t<\/div>\n\t\t\t\t\t<\/div>\n\t\t<\/section>\n\t\t\t\t<section class=\"elementor-section elementor-top-section elementor-element elementor-element-39fab4a elementor-section-stretched elementor-section-full_width page-content elementor-section-height-default elementor-section-height-default\" data-id=\"39fab4a\" data-element_type=\"section\" data-settings=\"{&quot;stretch_section&quot;:&quot;section-stretched&quot;}\">\n\t\t\t\t\t\t<div class=\"elementor-container elementor-column-gap-no\">\n\t\t\t\t\t<div class=\"elementor-column elementor-col-100 elementor-top-column elementor-element elementor-element-a8c7bdf\" data-id=\"a8c7bdf\" data-element_type=\"column\">\n\t\t\t<div class=\"elementor-widget-wrap elementor-element-populated\">\n\t\t\t\t\t\t<div class=\"elementor-element elementor-element-3e344d5 elementor-widget elementor-widget-laundry_icon_thumbnail\" data-id=\"3e344d5\" data-element_type=\"widget\" data-widget_type=\"laundry_icon_thumbnail.default\">\n\t\t\t\t<div class=\"elementor-widget-container\">\n\t\t\t\t\t \n\t\t<div class=\"container\">\n\t\t<!-- title -->\n\t\t<h2 class=\"public-title-text title-underline\">Why Choose Us<\/h2>\n\t\t\t\t<!-- title -->\n\t\t<div class=\"row permission-box-mobile arrow-on-white\">\n\t\t\t\t\t\t<div class=\"\n\t\t\t\t\t\t\tcol-md-4\">\n\t\t\t\t\t<a \n\t\t\t\t\t\t\t\thref=\"#\" \n\t\t\t\t\t\t\tclass=\"permission-box animation\" data-animation=\"fadeInLeft\" data-animation-delay=\"200ms\" style=\"animation-delay: 200ms;\">\n\t\t\t<i aria-hidden=\"true\" class=\"icon  icon-bright-lightbulb\"><\/i>\t\t\t<div class=\"description\">\n\t\t\t\t<h4 class=\"title\">\n\t\t\tPersionalized Experience\t\t\t\t<\/h4>\n\t\t\t\t<p>\n\t\t\tWe take utmost care of your clothes, segregating based on the cloth type and giving you instant clothes to make a statement.\t\t\t\t<\/p>\n\t\t\t<\/div>\n\t\t<\/a>\n<\/div> \t\t\t\t<div class=\"\n\t\t\t\t\t\t\tcol-md-4\">\n\t\t\t\t\t<a \n\t\t\t\t\t\t\t\thref=\"#\" \n\t\t\t\t\t\t\tclass=\"permission-box animation\" data-animation=\"fadeIn\" data-animation-delay=\"0ms\" style=\"animation-delay: 0ms;\">\n\t\t\t<i aria-hidden=\"true\" class=\"icon  icon-tag-1\"><\/i>\t\t\t<div class=\"description\">\n\t\t\t\t<h4 class=\"title\">\n\t\t\tAffordable Pricing\t\t\t\t<\/h4>\n\t\t\t\t<p>\n\t\t\tPrices that suits your pocket is one of our USP. An option of choosing between 2 types of pricing is available.\t\t\t\t<\/p>\n\t\t\t<\/div>\n\t\t<\/a>\n<\/div> \t\t\t\t<div class=\"\n\t\t\t\t\t\t\tcol-md-4\">\n\t\t\t\t\t<a \n\t\t\t\t\t\t\t\thref=\"#\" \n\t\t\t\t\t\t\tclass=\"permission-box animation\" data-animation=\"fadeInRight\" data-animation-delay=\"200ms\" style=\"animation-delay: 200ms;\">\n\t\t\t<i aria-hidden=\"true\" class=\"icon  icon-reading-book\"><\/i>\t\t\t<div class=\"description\">\n\t\t\t\t<h4 class=\"title\">\n\t\t\tConvenience\t\t\t\t<\/h4>\n\t\t\t\t<p>\n\t\t\tWith just a tap of a button, your laundry gets done, giving your leisure time to spend with family and friends.\t\t\t\t<\/p>\n\t\t\t<\/div>\n\t\t<\/a>\n<\/div> \t\t\t\t<div class=\"\n\t\t\t\t\t\t\tcol-md-4\">\n\t\t\t\t\t<a \n\t\t\t\t\t\t\t\thref=\"#\" \n\t\t\t\t\t\t\tclass=\"permission-box animation\" data-animation=\"fadeInLeft\" data-animation-delay=\"200ms\" style=\"animation-delay: 200ms;\">\n\t\t\t<i aria-hidden=\"true\" class=\"icon  icon-quality\"><\/i>\t\t\t<div class=\"description\">\n\t\t\t\t<h4 class=\"title\">\n\t\t\tQuality\t\t\t\t<\/h4>\n\t\t\t\t<p>\n\t\t\tWe use the best in class products, to assure that your favorite clothes are always there for you to wear.\t\t\t\t<\/p>\n\t\t\t<\/div>\n\t\t<\/a>\n<\/div> \t\t\t\t<div class=\"\n\t\t\t\t\t\t\tcol-md-4\">\n\t\t\t\t\t<a \n\t\t\t\t\t\t\t\thref=\"#\" \n\t\t\t\t\t\t\tclass=\"permission-box animation\" data-animation=\"fadeIn\" data-animation-delay=\"0ms\" style=\"animation-delay: 0ms;\">\n\t\t\t<i aria-hidden=\"true\" class=\"icon  icon-express-delivery\"><\/i>\t\t\t<div class=\"description\">\n\t\t\t\t<h4 class=\"title\">\n\t\t\tExpress Delivery\t\t\t\t<\/h4>\n\t\t\t\t<p>\n\t\t\t\n\t\t\t\t\t\t\t\tForgot to wash your clothes for interview\/business meeting, never mind. With our super express delivery, we would get your laundry done in less than 8 hours.\t\t\t\t<\/p>\n\t\t\t<\/div>\n\t\t<\/a>\n<\/div> \t\t\t\t<div class=\"\n\t\t\t\t\t\t\tcol-md-4\">\n\t\t\t\t\t<a \n\t\t\t\t\t\t\t\thref=\"#\" \n\t\t\t\t\t\t\tclass=\"permission-box animation\" data-animation=\"fadeInRight\" data-animation-delay=\"200ms\" style=\"animation-delay: 200ms;\">\n\t\t\t<i aria-hidden=\"true\" class=\"icon  icon-interface\"><\/i>\t\t\t<div class=\"description\">\n\t\t\t\t<h4 class=\"title\">\n\t\t\tInstant Order Update\t\t\t\t<\/h4>\n\t\t\t\t<p>\n\t\t\tRegular updates of your order, to help you keep a track of your laundry and plan accordingly.\t\t\t\t<\/p>\n\t\t\t<\/div>\n\t\t<\/a>\n<\/div>          \n<\/div><\/div> \n\t\t\t\t\t\t<\/div>\n\t\t\t\t<\/div>\n\t\t\t\t\t<\/div>\n\t\t<\/div>\n\t\t\t\t\t<\/div>\n\t\t<\/section>\n\t\t\t\t<section class=\"elementor-section elementor-top-section elementor-element elementor-element-cafb9b0 elementor-section-stretched elementor-section-full_width page-content elementor-section-height-default elementor-section-height-default\" data-id=\"cafb9b0\" data-element_type=\"section\" data-settings=\"{&quot;stretch_section&quot;:&quot;section-stretched&quot;}\">\n\t\t\t\t\t\t<div class=\"elementor-container elementor-column-gap-no\">\n\t\t\t\t\t<div class=\"elementor-column elementor-col-100 elementor-top-column elementor-element elementor-element-84dbed7\" data-id=\"84dbed7\" data-element_type=\"column\">\n\t\t\t<div class=\"elementor-widget-wrap elementor-element-populated\">\n\t\t\t\t\t\t<div class=\"elementor-element elementor-element-440f0ac elementor-widget elementor-widget-laundry_counter_box\" data-id=\"440f0ac\" data-element_type=\"widget\" data-widget_type=\"laundry_counter_box.default\">\n\t\t\t\t<div class=\"elementor-widget-container\">\n\t\t\t\t\t<div class=\"content carusel--parallax bg-mobile\" data-image=\"\n\t\thttps:\/\/tanquedavila.pt\/wp-content\/uploads\/2011\/05\/parallax-img-02.jpg\t\t\t\t\">\n\t<div class=\"container\">\n\t\t<div class=\"counterBlock\">\n\t\t\t<div class=\"row\">\n\t\t\t\t\t\t<!-- product-total -->\n\t\t\t\t<div class=\"product-total-box col-xs-12 col-sm-6 col-md-3\">\n\t\t\t\t\t<div class=\"product-total animation\" data-animation=\"fadeInUp\"\n\t\t\t\t\t\tdata-animation-delay=\"0ms\">\n\t\t\t\t\t\t<div class=\"icon\">\n\t\t\t<i aria-hidden=\"true\" class=\"icon  icon-clothes-3\"><\/i>\t\t\t\t\t\t<\/div>\n\t\t\t\t\t\t<div class=\"title\">\n\t\t\t\t\t\t\t<span data-to=\"50000\" \n\t\t\tdata-speed=\"4000\"\t\t\t>\n\t\t\t50000\t\t\t\t\t\t\t<\/span>\n\t\t\t+\t\t\t\t\t\t<\/div>\n\t\t\t\t\t\t<div class=\"description\">\n\t\t\tShirts Washed\t\t\t\t\t\t<\/div>\n\t\t\t\t\t<\/div>\n\t\t\t\t\t<!-- \/product-total -->\n<\/div> \t\t\t\t<!-- product-total -->\n\t\t\t\t<div class=\"product-total-box col-xs-12 col-sm-6 col-md-3\">\n\t\t\t\t\t<div class=\"product-total animation\" data-animation=\"fadeInUp\"\n\t\t\t\t\t\tdata-animation-delay=\"0ms\">\n\t\t\t\t\t\t<div class=\"icon\">\n\t\t\t<i aria-hidden=\"true\" class=\"icon  icon-clothes-4\"><\/i>\t\t\t\t\t\t<\/div>\n\t\t\t\t\t\t<div class=\"title\">\n\t\t\t\t\t\t\t<span data-to=\"50\" \n\t\t\tdata-speed=\"2000\"\t\t\t>\n\t\t\t50\t\t\t\t\t\t\t<\/span>\n\t\t\t\t\t\t\t\t\t<\/div>\n\t\t\t\t\t\t<div class=\"description\">\n\t\t\tWashing Machines Works\t\t\t\t\t\t<\/div>\n\t\t\t\t\t<\/div>\n\t\t\t\t\t<!-- \/product-total -->\n<\/div> \t\t\t\t<!-- product-total -->\n\t\t\t\t<div class=\"product-total-box col-xs-12 col-sm-6 col-md-3\">\n\t\t\t\t\t<div class=\"product-total animation\" data-animation=\"fadeInUp\"\n\t\t\t\t\t\tdata-animation-delay=\"0ms\">\n\t\t\t\t\t\t<div class=\"icon\">\n\t\t\t<i aria-hidden=\"true\" class=\"icon  icon-towel\"><\/i>\t\t\t\t\t\t<\/div>\n\t\t\t\t\t\t<div class=\"title\">\n\t\t\t\t\t\t\t<span data-to=\"10000\" \n\t\t\tdata-speed=\"3000\"\t\t\t>\n\t\t\t10000\t\t\t\t\t\t\t<\/span>\n\t\t\t+\t\t\t\t\t\t<\/div>\n\t\t\t\t\t\t<div class=\"description\">\n\t\t\tDry Cleaned Items\t\t\t\t\t\t<\/div>\n\t\t\t\t\t<\/div>\n\t\t\t\t\t<!-- \/product-total -->\n<\/div> \t\t\t\t<!-- product-total -->\n\t\t\t\t<div class=\"product-total-box col-xs-12 col-sm-6 col-md-3\">\n\t\t\t\t\t<div class=\"product-total animation\" data-animation=\"fadeInUp\"\n\t\t\t\t\t\tdata-animation-delay=\"0ms\">\n\t\t\t\t\t\t<div class=\"icon\">\n\t\t\t<i aria-hidden=\"true\" class=\"icon  icon-customers\"><\/i>\t\t\t\t\t\t<\/div>\n\t\t\t\t\t\t<div class=\"title\">\n\t\t\t\t\t\t\t<span data-to=\"1000\" \n\t\t\tdata-speed=\"1000\"\t\t\t>\n\t\t\t1000\t\t\t\t\t\t\t<\/span>\n\t\t\t\t\t\t\t\t\t<\/div>\n\t\t\t\t\t\t<div class=\"description\">\n\t\t\tHappy Customers\t\t\t\t\t\t<\/div>\n\t\t\t\t\t<\/div>\n\t\t\t\t\t<!-- \/product-total -->\n<\/div> \t\t\t<\/div>\n\t\t<\/div>\n\t<\/div>\n<\/div>\n\t\t\t\t\t\t<\/div>\n\t\t\t\t<\/div>\n\t\t\t\t\t<\/div>\n\t\t<\/div>\n\t\t\t\t\t<\/div>\n\t\t<\/section>\n\t\t\t\t<section class=\"elementor-section elementor-top-section elementor-element elementor-element-d4ef486 elementor-section-stretched elementor-section-full_width page-content elementor-section-height-default elementor-section-height-default\" data-id=\"d4ef486\" data-element_type=\"section\" data-settings=\"{&quot;stretch_section&quot;:&quot;section-stretched&quot;}\">\n\t\t\t\t\t\t<div class=\"elementor-container elementor-column-gap-no\">\n\t\t\t\t\t<div class=\"elementor-column elementor-col-100 elementor-top-column elementor-element elementor-element-6cdb9ff\" data-id=\"6cdb9ff\" data-element_type=\"column\">\n\t\t\t<div class=\"elementor-widget-wrap elementor-element-populated\">\n\t\t\t\t\t\t<div class=\"elementor-element elementor-element-2db3cdd elementor-widget elementor-widget-laundry_history_tab\" data-id=\"2db3cdd\" data-element_type=\"widget\" data-widget_type=\"laundry_history_tab.default\">\n\t\t\t\t<div class=\"elementor-widget-container\">\n\t\t\t\t\t \n\t\t<div class=\"container\">\n\t\t\t<!-- title -->\n\t\t\t<h2 class=\"public-title-text title-underline\">Our History<\/h2>\n\t\t\t\t\t\t<!-- title -->\n\t\t\t<div class=\"tab-history\">\n\t\t\t\t<!-- Nav tabs -->\n\t\t\t\t\t\t\t\t\t\t\t\t<ul class=\"nav nav-tabs\" role=\"tablist\">\n\t\t\t\t\t\t<\/ul>\n\t\t\t\t<!-- Tab panes -->\n\t\t\t\t<div class=\"tab-content\">\n\n\t\t\n\t\t\t\t<\/div>\n\t\t\t<\/div> <\/div>\n\t\t\t\t\t\t<\/div>\n\t\t\t\t<\/div>\n\t\t\t\t\t<\/div>\n\t\t<\/div>\n\t\t\t\t\t<\/div>\n\t\t<\/section>\n\t\t\t\t<section class=\"elementor-section elementor-top-section elementor-element elementor-element-5eed5bb elementor-section-stretched elementor-section-full_width page-content elementor-section-height-default elementor-section-height-default\" data-id=\"5eed5bb\" data-element_type=\"section\" data-settings=\"{&quot;stretch_section&quot;:&quot;section-stretched&quot;}\">\n\t\t\t\t\t\t<div class=\"elementor-container elementor-column-gap-no\">\n\t\t\t\t\t<div class=\"elementor-column elementor-col-100 elementor-top-column elementor-element elementor-element-db12975\" data-id=\"db12975\" data-element_type=\"column\">\n\t\t\t<div class=\"elementor-widget-wrap elementor-element-populated\">\n\t\t\t\t\t\t<div class=\"elementor-element elementor-element-bf4b40d elementor-widget elementor-widget-laundry_team_member\" data-id=\"bf4b40d\" data-element_type=\"widget\" data-widget_type=\"laundry_team_member.default\">\n\t\t\t\t<div class=\"elementor-widget-container\">\n\t\t\t\t\t\t\t<div class=\"container\">\n\t\t<!-- title -->\n\t\t<h2 class=\"public-title-text title-underline\">Our Team<\/h2>\n\t\t\t\t<!-- title -->\n\t\t<div class=\"row\">\n\n\t\t\t\t\t<div class=\"col-sm-6 col-md-3 col-lg-3\">\n\t\t\t\t\t<a href=\"\n\t\t\t#\t\t\t\t\t\" class=\"box-personal animation \n\t\t\t\" data-animation=\"fadeInLeft\" data-animation-delay=\"200ms\" >\n\t\t\t\t<div class=\"img\">\n\t\t\t<img decoding=\"async\" src=\"https:\/\/tanquedavila.pt\/wp-content\/uploads\/2025\/06\/claudia.png\" alt=\"photo\" \/>\t\t\t\t<\/div>\n\t\t\t\t<h4 class=\"title\">\n\t\t\tCl\u00e1udia Freitas\t\t\t\t<\/h4>\n\t\t\t\t<div class=\"description\">\n\t\t\tCustomer Management\t\t\t\t<\/div>\n<\/a> <\/div>\t\t\t<div class=\"col-sm-6 col-md-3 col-lg-3\">\n\t\t\t\t\t<a href=\"\n\t\t\t#\t\t\t\t\t\" class=\"box-personal animation \n\t\t\t\" data-animation=\"fadeInLeft\" data-animation-delay=\"0ms\" >\n\t\t\t\t<div class=\"img\">\n\t\t\t<img decoding=\"async\" src=\"https:\/\/tanquedavila.pt\/wp-content\/uploads\/2025\/06\/Pedro.png\" alt=\"photo\" \/>\t\t\t\t<\/div>\n\t\t\t\t<h4 class=\"title\">\n\t\t\tPedro Pires\t\t\t\t<\/h4>\n\t\t\t\t<div class=\"description\">\n\t\t\tService management\t\t\t\t<\/div>\n<\/a> <\/div>\t\t\t<div class=\"col-sm-6 col-md-3 col-lg-3\">\n\t\t\t\t\t<a href=\"\n\t\t\t#\t\t\t\t\t\" class=\"box-personal animation \n\t\t\t\" data-animation=\"fadeInRight\" data-animation-delay=\"0ms\" >\n\t\t\t\t<div class=\"img\">\n\t\t\t<img decoding=\"async\" src=\"\" alt=\"photo\" \/>\t\t\t\t<\/div>\n\t\t\t\t<h4 class=\"title\">\n\t\t\tAndreia\t\t\t\t<\/h4>\n\t\t\t\t<div class=\"description\">\n\t\t\tWash expert\t\t\t\t<\/div>\n<\/a> <\/div>\t\t\t<div class=\"col-sm-6 col-md-3 col-lg-3\">\n\t\t\t\t\t<a href=\"\n\t\t\t#\t\t\t\t\t\" class=\"box-personal animation \n\t\t\t\" data-animation=\"fadeInRight\" data-animation-delay=\"200ms\" >\n\t\t\t\t<div class=\"img\">\n\t\t\t<img decoding=\"async\" src=\"\" alt=\"photo\" \/>\t\t\t\t<\/div>\n\t\t\t\t<h4 class=\"title\">\n\t\t\tPaula\t\t\t\t<\/h4>\n\t\t\t\t<div class=\"description\">\n\t\t\tIron expert\t\t\t\t<\/div>\n<\/a> <\/div> <\/div> <\/div>\n\t\t\t\t\t\t<\/div>\n\t\t\t\t<\/div>\n\t\t\t\t\t<\/div>\n\t\t<\/div>\n\t\t\t\t\t<\/div>\n\t\t<\/section>\n\t\t\t\t<\/div>\n\t\t","protected":false},"excerpt":{"rendered":"<p>Algumas palavras sobre n\u00f3s Somos profissionais do sector da lavandaria e da limpeza a seco, o que significa que estamos sempre a par das \u00faltimas tecnologias, m\u00e9todos de limpeza e solu\u00e7\u00f5es para lidar com n\u00f3doas ou tecidos delicados. Al\u00e9m disso, mantemos os mais elevados padr\u00f5es de integridade comercial, seguindo os regulamentos locais e nacionais e [&hellip;]<\/p>\n","protected":false},"author":1,"featured_media":0,"parent":0,"menu_order":0,"comment_status":"closed","ping_status":"closed","template":"","meta":{"footnotes":""},"class_list":["post-4970","page","type-page","status-publish","hentry"],"yoast_head":"<!-- This site is optimized with the Yoast SEO plugin v25.4 - https:\/\/yoast.com\/wordpress\/plugins\/seo\/ -->\n<title>[Portuguese, Portugal] Sobre - [Portuguese, Portugal] Tanque da Vila<\/title>\n<meta name=\"robots\" content=\"index, follow, max-snippet:-1, max-image-preview:large, max-video-preview:-1\" \/>\n<link rel=\"canonical\" href=\"https:\/\/tanquedavila.pt\/about\/\" \/>\n<meta property=\"og:locale\" content=\"pt_PT\" \/>\n<meta property=\"og:type\" content=\"article\" \/>\n<meta property=\"og:title\" content=\"[Portuguese, Portugal] Sobre - [Portuguese, Portugal] Tanque da Vila\" \/>\n<meta property=\"og:description\" content=\"Algumas palavras sobre n\u00f3s Somos profissionais do sector da lavandaria e da limpeza a seco, o que significa que estamos sempre a par das \u00faltimas tecnologias, m\u00e9todos de limpeza e solu\u00e7\u00f5es para lidar com n\u00f3doas ou tecidos delicados. Al\u00e9m disso, mantemos os mais elevados padr\u00f5es de integridade comercial, seguindo os regulamentos locais e nacionais e [&hellip;]\" \/>\n<meta property=\"og:url\" content=\"https:\/\/tanquedavila.pt\/about\/\" \/>\n<meta property=\"og:site_name\" content=\"[Portuguese, Portugal] Tanque da Vila\" \/>\n<meta property=\"article:publisher\" content=\"https:\/\/www.facebook.com\/TanquedaVila\" \/>\n<meta property=\"article:modified_time\" content=\"2025-07-05T17:33:44+00:00\" \/>\n<meta property=\"og:image\" content=\"http:\/\/tanquedavila.pt\/wp-content\/uploads\/2017\/01\/lavamonoff.jpg\" \/>\n<meta name=\"twitter:card\" content=\"summary_large_image\" \/>\n<meta name=\"twitter:label1\" content=\"[Portuguese, Portugal] Est. reading time\" \/>\n\t<meta name=\"twitter:data1\" content=\"[Portuguese, Portugal] 4 minute\" \/>\n<script type=\"application\/ld+json\" class=\"yoast-schema-graph\">{\"@context\":\"https:\/\/schema.org\",\"@graph\":[{\"@type\":\"WebPage\",\"@id\":\"https:\/\/tanquedavila.pt\/about\/\",\"url\":\"https:\/\/tanquedavila.pt\/about\/\",\"name\":\"[Portuguese, Portugal] Sobre - [Portuguese, Portugal] Tanque da Vila\",\"isPartOf\":{\"@id\":\"https:\/\/tanquedavila.pt\/#website\"},\"primaryImageOfPage\":{\"@id\":\"https:\/\/tanquedavila.pt\/about\/#primaryimage\"},\"image\":{\"@id\":\"https:\/\/tanquedavila.pt\/about\/#primaryimage\"},\"thumbnailUrl\":\"http:\/\/tanquedavila.pt\/wp-content\/uploads\/2017\/01\/lavamonoff.jpg\",\"datePublished\":\"2017-01-02T09:54:47+00:00\",\"dateModified\":\"2025-07-05T17:33:44+00:00\",\"breadcrumb\":{\"@id\":\"https:\/\/tanquedavila.pt\/about\/#breadcrumb\"},\"inLanguage\":\"pt-PT\",\"potentialAction\":[{\"@type\":\"ReadAction\",\"target\":[\"https:\/\/tanquedavila.pt\/about\/\"]}]},{\"@type\":\"ImageObject\",\"inLanguage\":\"pt-PT\",\"@id\":\"https:\/\/tanquedavila.pt\/about\/#primaryimage\",\"url\":\"http:\/\/tanquedavila.pt\/wp-content\/uploads\/2017\/01\/lavamonoff.jpg\",\"contentUrl\":\"http:\/\/tanquedavila.pt\/wp-content\/uploads\/2017\/01\/lavamonoff.jpg\"},{\"@type\":\"BreadcrumbList\",\"@id\":\"https:\/\/tanquedavila.pt\/about\/#breadcrumb\",\"itemListElement\":[{\"@type\":\"ListItem\",\"position\":1,\"name\":\"[Portuguese, Portugal] Home\",\"item\":\"https:\/\/tanquedavila.pt\/pt-pt\/casa\/\"},{\"@type\":\"ListItem\",\"position\":2,\"name\":\"Sobre\"}]},{\"@type\":\"WebSite\",\"@id\":\"https:\/\/tanquedavila.pt\/#website\",\"url\":\"https:\/\/tanquedavila.pt\/\",\"name\":\"Tanque da Vila\",\"description\":\"[Portuguese, Portugal] a sua lavandaria...\",\"publisher\":{\"@id\":\"https:\/\/tanquedavila.pt\/#organization\"},\"potentialAction\":[{\"@type\":\"SearchAction\",\"target\":{\"@type\":\"EntryPoint\",\"urlTemplate\":\"https:\/\/tanquedavila.pt\/?s={search_term_string}\"},\"query-input\":{\"@type\":\"PropertyValueSpecification\",\"valueRequired\":true,\"valueName\":\"search_term_string\"}}],\"inLanguage\":\"pt-PT\"},{\"@type\":\"Organization\",\"@id\":\"https:\/\/tanquedavila.pt\/#organization\",\"name\":\"[Portuguese, Portugal] Tanque da Vila\",\"url\":\"https:\/\/tanquedavila.pt\/\",\"logo\":{\"@type\":\"ImageObject\",\"inLanguage\":\"pt-PT\",\"@id\":\"https:\/\/tanquedavila.pt\/#\/schema\/logo\/image\/\",\"url\":\"http:\/\/tanquedavila.pt\/wp-content\/uploads\/2024\/05\/logotipo.png\",\"contentUrl\":\"http:\/\/tanquedavila.pt\/wp-content\/uploads\/2024\/05\/logotipo.png\",\"width\":1080,\"height\":1080,\"caption\":\"[Portuguese, Portugal] Tanque da Vila\"},\"image\":{\"@id\":\"https:\/\/tanquedavila.pt\/#\/schema\/logo\/image\/\"},\"sameAs\":[\"https:\/\/www.facebook.com\/TanquedaVila\"]}]}<\/script>\n<!-- \/ Yoast SEO plugin. -->","yoast_head_json":{"title":"[Portuguese, Portugal] Sobre - [Portuguese, Portugal] Tanque da Vila","robots":{"index":"index","follow":"follow","max-snippet":"max-snippet:-1","max-image-preview":"max-image-preview:large","max-video-preview":"max-video-preview:-1"},"canonical":"https:\/\/tanquedavila.pt\/about\/","og_locale":"pt_PT","og_type":"article","og_title":"[Portuguese, Portugal] Sobre - [Portuguese, Portugal] Tanque da Vila","og_description":"Algumas palavras sobre n\u00f3s Somos profissionais do sector da lavandaria e da limpeza a seco, o que significa que estamos sempre a par das \u00faltimas tecnologias, m\u00e9todos de limpeza e solu\u00e7\u00f5es para lidar com n\u00f3doas ou tecidos delicados. Al\u00e9m disso, mantemos os mais elevados padr\u00f5es de integridade comercial, seguindo os regulamentos locais e nacionais e [&hellip;]","og_url":"https:\/\/tanquedavila.pt\/about\/","og_site_name":"[Portuguese, Portugal] Tanque da Vila","article_publisher":"https:\/\/www.facebook.com\/TanquedaVila","article_modified_time":"2025-07-05T17:33:44+00:00","og_image":[{"url":"http:\/\/tanquedavila.pt\/wp-content\/uploads\/2017\/01\/lavamonoff.jpg","type":"","width":"","height":""}],"twitter_card":"summary_large_image","twitter_misc":{"[Portuguese, Portugal] Est. reading time":"[Portuguese, Portugal] 4 minute"},"schema":{"@context":"https:\/\/schema.org","@graph":[{"@type":"WebPage","@id":"https:\/\/tanquedavila.pt\/about\/","url":"https:\/\/tanquedavila.pt\/about\/","name":"[Portuguese, Portugal] Sobre - [Portuguese, Portugal] Tanque da Vila","isPartOf":{"@id":"https:\/\/tanquedavila.pt\/#website"},"primaryImageOfPage":{"@id":"https:\/\/tanquedavila.pt\/about\/#primaryimage"},"image":{"@id":"https:\/\/tanquedavila.pt\/about\/#primaryimage"},"thumbnailUrl":"http:\/\/tanquedavila.pt\/wp-content\/uploads\/2017\/01\/lavamonoff.jpg","datePublished":"2017-01-02T09:54:47+00:00","dateModified":"2025-07-05T17:33:44+00:00","breadcrumb":{"@id":"https:\/\/tanquedavila.pt\/about\/#breadcrumb"},"inLanguage":"pt-PT","potentialAction":[{"@type":"ReadAction","target":["https:\/\/tanquedavila.pt\/about\/"]}]},{"@type":"ImageObject","inLanguage":"pt-PT","@id":"https:\/\/tanquedavila.pt\/about\/#primaryimage","url":"http:\/\/tanquedavila.pt\/wp-content\/uploads\/2017\/01\/lavamonoff.jpg","contentUrl":"http:\/\/tanquedavila.pt\/wp-content\/uploads\/2017\/01\/lavamonoff.jpg"},{"@type":"BreadcrumbList","@id":"https:\/\/tanquedavila.pt\/about\/#breadcrumb","itemListElement":[{"@type":"ListItem","position":1,"name":"[Portuguese, Portugal] Home","item":"https:\/\/tanquedavila.pt\/pt-pt\/casa\/"},{"@type":"ListItem","position":2,"name":"Sobre"}]},{"@type":"WebSite","@id":"https:\/\/tanquedavila.pt\/#website","url":"https:\/\/tanquedavila.pt\/","name":"Tanque da Vila","description":"[Portuguese, Portugal] a sua lavandaria...","publisher":{"@id":"https:\/\/tanquedavila.pt\/#organization"},"potentialAction":[{"@type":"SearchAction","target":{"@type":"EntryPoint","urlTemplate":"https:\/\/tanquedavila.pt\/?s={search_term_string}"},"query-input":{"@type":"PropertyValueSpecification","valueRequired":true,"valueName":"search_term_string"}}],"inLanguage":"pt-PT"},{"@type":"Organization","@id":"https:\/\/tanquedavila.pt\/#organization","name":"[Portuguese, Portugal] Tanque da Vila","url":"https:\/\/tanquedavila.pt\/","logo":{"@type":"ImageObject","inLanguage":"pt-PT","@id":"https:\/\/tanquedavila.pt\/#\/schema\/logo\/image\/","url":"http:\/\/tanquedavila.pt\/wp-content\/uploads\/2024\/05\/logotipo.png","contentUrl":"http:\/\/tanquedavila.pt\/wp-content\/uploads\/2024\/05\/logotipo.png","width":1080,"height":1080,"caption":"[Portuguese, Portugal] Tanque da Vila"},"image":{"@id":"https:\/\/tanquedavila.pt\/#\/schema\/logo\/image\/"},"sameAs":["https:\/\/www.facebook.com\/TanquedaVila"]}]}},"_links":{"self":[{"href":"https:\/\/tanquedavila.pt\/pt-pt\/wp-json\/wp\/v2\/pages\/4970","targetHints":{"allow":["GET"]}}],"collection":[{"href":"https:\/\/tanquedavila.pt\/pt-pt\/wp-json\/wp\/v2\/pages"}],"about":[{"href":"https:\/\/tanquedavila.pt\/pt-pt\/wp-json\/wp\/v2\/types\/page"}],"author":[{"embeddable":true,"href":"https:\/\/tanquedavila.pt\/pt-pt\/wp-json\/wp\/v2\/users\/1"}],"replies":[{"embeddable":true,"href":"https:\/\/tanquedavila.pt\/pt-pt\/wp-json\/wp\/v2\/comments?post=4970"}],"version-history":[{"count":4,"href":"https:\/\/tanquedavila.pt\/pt-pt\/wp-json\/wp\/v2\/pages\/4970\/revisions"}],"predecessor-version":[{"id":5097,"href":"https:\/\/tanquedavila.pt\/pt-pt\/wp-json\/wp\/v2\/pages\/4970\/revisions\/5097"}],"wp:attachment":[{"href":"https:\/\/tanquedavila.pt\/pt-pt\/wp-json\/wp\/v2\/media?parent=4970"}],"curies":[{"name":"wp","href":"https:\/\/api.w.org\/{rel}","templated":true}]}}