{"id":4967,"date":"2017-01-02T11:08:25","date_gmt":"2017-01-02T11:08:25","guid":{"rendered":"https:\/\/tanquedavila.pt\/precos\/"},"modified":"2025-06-24T12:27:32","modified_gmt":"2025-06-24T12:27:32","slug":"precos","status":"publish","type":"page","link":"https:\/\/tanquedavila.pt\/pt-pt\/precos\/","title":{"rendered":"Pre\u00e7os"},"content":{"rendered":"\t\t<div data-elementor-type=\"wp-page\" data-elementor-id=\"4967\" class=\"elementor elementor-4967 elementor-2444\">\n\t\t\t\t\t\t<section class=\"elementor-section elementor-top-section elementor-element elementor-element-0fc3ca4 elementor-section-stretched elementor-section-full_width page-content elementor-section-height-default elementor-section-height-default\" data-id=\"0fc3ca4\" data-element_type=\"section\" data-settings=\"{&quot;stretch_section&quot;:&quot;section-stretched&quot;}\">\n\t\t\t\t\t\t<div class=\"elementor-container elementor-column-gap-no\">\n\t\t\t\t\t<div class=\"elementor-column elementor-col-100 elementor-top-column elementor-element elementor-element-f9ef486\" data-id=\"f9ef486\" data-element_type=\"column\">\n\t\t\t<div class=\"elementor-widget-wrap elementor-element-populated\">\n\t\t\t\t\t\t<div class=\"elementor-element elementor-element-3fc3799 elementor-widget elementor-widget-simple_title\" data-id=\"3fc3799\" data-element_type=\"widget\" data-widget_type=\"simple_title.default\">\n\t\t\t\t<div class=\"elementor-widget-container\">\n\t\t\t\t\t\t\t<div class=\"container\">\n\t\t\t<!-- title -->\n\t\t\t<h2 class=\"public-title-text title-underline\">Os nossos pre\u00e7os  <\/h2>\n\t\t\t\t\t\t<p class=\"text-center info-text\">Tornamos simples a lavagem da tua roupa. Podemos poupar-te tempo, para que possas fazer as coisas de que gostas. Podemos poupar-te dinheiro em sab\u00e3o, \u00e1gua, aquecimento e eletricidade. Para que possas desfrutar ainda mais das coisas de que gostas. Os nossos pre\u00e7os s\u00e3o simples e acess\u00edveis.      <\/p>\n\t\t\t\t\t\t<!-- title -->\n\t\t<\/div> \n\t\t\t\t\t\t<\/div>\n\t\t\t\t<\/div>\n\t\t\t\t\t<\/div>\n\t\t<\/div>\n\t\t\t\t\t<\/div>\n\t\t<\/section>\n\t\t\t\t<section class=\"elementor-section elementor-top-section elementor-element elementor-element-77e26dc elementor-section-stretched elementor-section-full_width page-content elementor-section-height-default elementor-section-height-default\" data-id=\"77e26dc\" data-element_type=\"section\" data-settings=\"{&quot;stretch_section&quot;:&quot;section-stretched&quot;}\">\n\t\t\t\t\t\t<div class=\"elementor-container elementor-column-gap-no\">\n\t\t\t\t\t<div class=\"elementor-column elementor-col-100 elementor-top-column elementor-element elementor-element-8e1ea5b\" data-id=\"8e1ea5b\" data-element_type=\"column\">\n\t\t\t<div class=\"elementor-widget-wrap elementor-element-populated\">\n\t\t\t\t\t\t<div class=\"elementor-element elementor-element-8e7ce78 elementor-widget elementor-widget-laundry_featured_price\" data-id=\"8e7ce78\" data-element_type=\"widget\" data-widget_type=\"laundry_featured_price.default\">\n\t\t\t\t<div class=\"elementor-widget-container\">\n\t\t\t\t\t\t\t\t<div class=\"container\">\n\t\t\t\t<!-- title -->\n\t\t\t\t\t\t\t\t<h2 class=\"public-title-text title-underline\">PRE\u00c7OS ACESS\u00cdVEIS<\/h2>\n\t\t\t\t\t\t\t\t<!-- title -->\n\t\t\t\t<div class=\"row product-box-mobile arrow-on-white\">\n\t\t\t\t\t\t\t\t\t\t\t\t<a href=\"#\"\n\t\t\t target=\"_blank\"  rel=\"nofollow\" class=\"product-box animation\" data-animation=\"fadeInUp\" data-animation-delay=\"0s\">\n\t\t\t<i aria-hidden=\"true\" class=\"icon  icon-shirt\"><\/i>\t\t\t\t\t\t\t\t\t<h3 class=\"title\">\n\t\t\tDe\t\t\t<span class=\"base-color\">\u20ac0.57<\/span>\t\t\tpor camisa\t\t\t\t\t\t\t\t\t<\/h3>\n\t\t\t\t\t\t\t\t\t<h6 class=\"description\">\n\t\t\tServi\u00e7o de camisas\t\t\t<\/h6>\n<\/a> \t\t\t\t\t\t\t\t\t\t<a href=\"#\"\n\t\t\t target=\"_blank\"  rel=\"nofollow\" class=\"product-box animation\" data-animation=\"fadeInUp\" data-animation-delay=\"0s\">\n\t\t\t<i aria-hidden=\"true\" class=\"icon  icon-bag\"><\/i>\t\t\t\t\t\t\t\t\t<h3 class=\"title\">\n\t\t\tDe\t\t\t<span class=\"base-color\">\u20ac1.00<\/span>\t\t\tpor kg\t\t\t\t\t\t\t\t\t<\/h3>\n\t\t\t\t\t\t\t\t\t<h6 class=\"description\">\n\t\t\tLavandaria e servi\u00e7o de secagem\t\t\t<\/h6>\n<\/a> \t\t\t\t\t\t\t\t\t\t<a href=\"#\"\n\t\t\t target=\"_blank\"  rel=\"nofollow\" class=\"product-box animation\" data-animation=\"fadeInUp\" data-animation-delay=\"0s\">\n\t\t\t<i aria-hidden=\"true\" class=\"icon  icon-towel\"><\/i>\t\t\t\t\t\t\t\t\t<h3 class=\"title\">\n\t\t\ta partir de\t\t\t<span class=\"base-color\">\u20ac1.99<\/span>\t\t\tpor kg\t\t\t\t\t\t\t\t\t<\/h3>\n\t\t\t\t\t\t\t\t\t<h6 class=\"description\">\n\t\t\tServi\u00e7o de lavandaria, secagem e engomadoria\t\t\t<\/h6>\n<\/a> \t\t\t\t\t\t\t\t\t\t<a href=\"#\"\n\t\t\t target=\"_blank\"  rel=\"nofollow\" class=\"product-box animation\" data-animation=\"fadeInUp\" data-animation-delay=\"0s\">\n\t\t\t<i aria-hidden=\"true\" class=\"icon icon icon-ironing-board\"><\/i>\t\t\t\t\t\t\t\t\t<h3 class=\"title\">\n\t\t\tDe\t\t\t<span class=\"base-color\">\u20ac0.60<\/span>\t\t\tpor artigo\t\t\t\t\t\t\t\t\t<\/h3>\n\t\t\t\t\t\t\t\t\t<h6 class=\"description\">\n\t\t\tServi\u00e7o de engomadoria\t\t\t<\/h6>\n<\/a> \t\t\t\t\t\t\t\t\t\t<a href=\"#\"\n\t\t\t target=\"_blank\"  rel=\"nofollow\" class=\"product-box animation\" data-animation=\"fadeInUp\" data-animation-delay=\"0s\">\n\t\t\t<i aria-hidden=\"true\" class=\"icon icon icon-express-delivery\"><\/i>\t\t\t\t\t\t\t\t\t<h3 class=\"title\">\n\t\t\tT\u00e3o baixo\t\t\t<span class=\"base-color\">\u20ac5.00<\/span>\t\t\ttaxa\t\t\t\t\t\t\t\t\t<\/h3>\n\t\t\t\t\t\t\t\t\t<h6 class=\"description\">\n\t\t\tServi\u00e7o de recolha e entrega\t\t\t<\/h6>\n<\/a> \t\t\t\t\t\t\t\t\t\t<a href=\"\"\n\t\t\t target=\"_blank\"  rel=\"nofollow\" class=\"product-box animation\" data-animation=\"fadeInUp\" data-animation-delay=\"0s\">\n\t\t\t\t\t\t\t\t\t\t\t\t<h3 class=\"title\">\n\t\t\t\t\t\t\t\t\t\t\t\t\t\t\t\t\t\t<\/h3>\n\t\t\t\t\t\t\t\t\t<h6 class=\"description\">\n\t\t\t\t\t\t<\/h6>\n<\/a>  \n\t\t\t<\/div>\n\t\t\t\t\t<\/div> \n\t\t\t\t\t\t<\/div>\n\t\t\t\t<\/div>\n\t\t\t\t\t<\/div>\n\t\t<\/div>\n\t\t\t\t\t<\/div>\n\t\t<\/section>\n\t\t\t\t<section class=\"elementor-section elementor-top-section elementor-element elementor-element-2c3dbcd elementor-section-stretched elementor-section-full_width page-content elementor-section-height-default elementor-section-height-default\" data-id=\"2c3dbcd\" data-element_type=\"section\" data-settings=\"{&quot;stretch_section&quot;:&quot;section-stretched&quot;}\">\n\t\t\t\t\t\t<div class=\"elementor-container elementor-column-gap-no\">\n\t\t\t\t\t<div class=\"elementor-column elementor-col-100 elementor-top-column elementor-element elementor-element-33fcb3a\" data-id=\"33fcb3a\" data-element_type=\"column\">\n\t\t\t<div class=\"elementor-widget-wrap elementor-element-populated\">\n\t\t\t\t\t\t<div class=\"elementor-element elementor-element-d40663f elementor-widget elementor-widget-laundry_pricing_list\" data-id=\"d40663f\" data-element_type=\"widget\" data-widget_type=\"laundry_pricing_list.default\">\n\t\t\t\t<div class=\"elementor-widget-container\">\n\t\t\t\t\t \n\t\t<div class=\"container\">\n\t\t<!-- title -->\n\t\t<h2 class=\"public-title-text title-underline\">LISTA DE PRE\u00c7OS COMPLETA<\/h2>\n\t\t\t\t\t\t<p class=\"text-center info-text\">Qualquer um dos packs de engomar \u00e9 v\u00e1lido durante 30 dias consecutivos. Podes utilizar o teu saldo em qualquer altura destes 30 dias. Qualquer saldo n\u00e3o utilizado ser\u00e1 perdido ap\u00f3s esses 30 dias. Podes descarregar uma lista detalhada <a href=\"http:\/\/tanquedavila.pt\/wp-content\/uploads\/2025\/06\/tabela-engomadoria-tanque.pdf\" target=\"_blank\">aqui<\/a>.   <\/p>\n\t\t\t\t\t\t<!-- title -->\n\t\t\t\t <div class=\"prices-filter\"><\/div><div class=\"prices-tabs\"><\/div><\/div>\t\t\t\t<\/div>\n\t\t\t\t<\/div>\n\t\t\t\t\t<\/div>\n\t\t<\/div>\n\t\t\t\t\t<\/div>\n\t\t<\/section>\n\t\t\t\t<\/div>\n\t\t","protected":false},"excerpt":{"rendered":"<p>Os nossos pre\u00e7os Tornamos simples a lavagem da tua roupa. Podemos poupar-te tempo, para que possas fazer as coisas de que gostas. Podemos poupar-te dinheiro em sab\u00e3o, \u00e1gua, aquecimento e eletricidade. Para que possas desfrutar ainda mais das coisas de que gostas. Os nossos pre\u00e7os s\u00e3o simples e acess\u00edveis. PRE\u00c7OS ACESS\u00cdVEIS De \u20ac0.57 por camisa [&hellip;]<\/p>\n","protected":false},"author":1,"featured_media":0,"parent":0,"menu_order":0,"comment_status":"closed","ping_status":"closed","template":"","meta":{"footnotes":""},"class_list":["post-4967","page","type-page","status-publish","hentry"],"yoast_head":"<!-- This site is optimized with the Yoast SEO plugin v25.4 - https:\/\/yoast.com\/wordpress\/plugins\/seo\/ -->\n<title>[Portuguese, Portugal] Pre\u00e7os - [Portuguese, Portugal] Tanque da Vila<\/title>\n<meta name=\"robots\" content=\"index, follow, max-snippet:-1, max-image-preview:large, max-video-preview:-1\" \/>\n<link rel=\"canonical\" href=\"https:\/\/tanquedavila.pt\/prices\/\" \/>\n<meta property=\"og:locale\" content=\"pt_PT\" \/>\n<meta property=\"og:type\" content=\"article\" \/>\n<meta property=\"og:title\" content=\"[Portuguese, Portugal] Pre\u00e7os - [Portuguese, Portugal] Tanque da Vila\" \/>\n<meta property=\"og:description\" content=\"Os nossos pre\u00e7os Tornamos simples a lavagem da tua roupa. Podemos poupar-te tempo, para que possas fazer as coisas de que gostas. Podemos poupar-te dinheiro em sab\u00e3o, \u00e1gua, aquecimento e eletricidade. Para que possas desfrutar ainda mais das coisas de que gostas. Os nossos pre\u00e7os s\u00e3o simples e acess\u00edveis. PRE\u00c7OS ACESS\u00cdVEIS De \u20ac0.57 por camisa [&hellip;]\" \/>\n<meta property=\"og:url\" content=\"https:\/\/tanquedavila.pt\/prices\/\" \/>\n<meta property=\"og:site_name\" content=\"[Portuguese, Portugal] Tanque da Vila\" \/>\n<meta property=\"article:publisher\" content=\"https:\/\/www.facebook.com\/TanquedaVila\" \/>\n<meta property=\"article:modified_time\" content=\"2025-06-24T12:27:32+00:00\" \/>\n<meta name=\"twitter:card\" content=\"summary_large_image\" \/>\n<meta name=\"twitter:label1\" content=\"[Portuguese, Portugal] Est. reading time\" \/>\n\t<meta name=\"twitter:data1\" content=\"[Portuguese, Portugal] 2 minute\" \/>\n<script type=\"application\/ld+json\" class=\"yoast-schema-graph\">{\"@context\":\"https:\/\/schema.org\",\"@graph\":[{\"@type\":\"WebPage\",\"@id\":\"https:\/\/tanquedavila.pt\/prices\/\",\"url\":\"https:\/\/tanquedavila.pt\/prices\/\",\"name\":\"[Portuguese, Portugal] Pre\u00e7os - [Portuguese, Portugal] Tanque da Vila\",\"isPartOf\":{\"@id\":\"https:\/\/tanquedavila.pt\/#website\"},\"datePublished\":\"2017-01-02T11:08:25+00:00\",\"dateModified\":\"2025-06-24T12:27:32+00:00\",\"breadcrumb\":{\"@id\":\"https:\/\/tanquedavila.pt\/prices\/#breadcrumb\"},\"inLanguage\":\"pt-PT\",\"potentialAction\":[{\"@type\":\"ReadAction\",\"target\":[\"https:\/\/tanquedavila.pt\/prices\/\"]}]},{\"@type\":\"BreadcrumbList\",\"@id\":\"https:\/\/tanquedavila.pt\/prices\/#breadcrumb\",\"itemListElement\":[{\"@type\":\"ListItem\",\"position\":1,\"name\":\"[Portuguese, Portugal] Home\",\"item\":\"https:\/\/tanquedavila.pt\/pt-pt\/casa\/\"},{\"@type\":\"ListItem\",\"position\":2,\"name\":\"Pre\u00e7os\"}]},{\"@type\":\"WebSite\",\"@id\":\"https:\/\/tanquedavila.pt\/#website\",\"url\":\"https:\/\/tanquedavila.pt\/\",\"name\":\"Tanque da Vila\",\"description\":\"[Portuguese, Portugal] a sua lavandaria...\",\"publisher\":{\"@id\":\"https:\/\/tanquedavila.pt\/#organization\"},\"potentialAction\":[{\"@type\":\"SearchAction\",\"target\":{\"@type\":\"EntryPoint\",\"urlTemplate\":\"https:\/\/tanquedavila.pt\/?s={search_term_string}\"},\"query-input\":{\"@type\":\"PropertyValueSpecification\",\"valueRequired\":true,\"valueName\":\"search_term_string\"}}],\"inLanguage\":\"pt-PT\"},{\"@type\":\"Organization\",\"@id\":\"https:\/\/tanquedavila.pt\/#organization\",\"name\":\"[Portuguese, Portugal] Tanque da Vila\",\"url\":\"https:\/\/tanquedavila.pt\/\",\"logo\":{\"@type\":\"ImageObject\",\"inLanguage\":\"pt-PT\",\"@id\":\"https:\/\/tanquedavila.pt\/#\/schema\/logo\/image\/\",\"url\":\"http:\/\/tanquedavila.pt\/wp-content\/uploads\/2024\/05\/logotipo.png\",\"contentUrl\":\"http:\/\/tanquedavila.pt\/wp-content\/uploads\/2024\/05\/logotipo.png\",\"width\":1080,\"height\":1080,\"caption\":\"[Portuguese, Portugal] Tanque da Vila\"},\"image\":{\"@id\":\"https:\/\/tanquedavila.pt\/#\/schema\/logo\/image\/\"},\"sameAs\":[\"https:\/\/www.facebook.com\/TanquedaVila\"]}]}<\/script>\n<!-- \/ Yoast SEO plugin. -->","yoast_head_json":{"title":"[Portuguese, Portugal] Pre\u00e7os - [Portuguese, Portugal] Tanque da Vila","robots":{"index":"index","follow":"follow","max-snippet":"max-snippet:-1","max-image-preview":"max-image-preview:large","max-video-preview":"max-video-preview:-1"},"canonical":"https:\/\/tanquedavila.pt\/prices\/","og_locale":"pt_PT","og_type":"article","og_title":"[Portuguese, Portugal] Pre\u00e7os - [Portuguese, Portugal] Tanque da Vila","og_description":"Os nossos pre\u00e7os Tornamos simples a lavagem da tua roupa. Podemos poupar-te tempo, para que possas fazer as coisas de que gostas. Podemos poupar-te dinheiro em sab\u00e3o, \u00e1gua, aquecimento e eletricidade. Para que possas desfrutar ainda mais das coisas de que gostas. Os nossos pre\u00e7os s\u00e3o simples e acess\u00edveis. PRE\u00c7OS ACESS\u00cdVEIS De \u20ac0.57 por camisa [&hellip;]","og_url":"https:\/\/tanquedavila.pt\/prices\/","og_site_name":"[Portuguese, Portugal] Tanque da Vila","article_publisher":"https:\/\/www.facebook.com\/TanquedaVila","article_modified_time":"2025-06-24T12:27:32+00:00","twitter_card":"summary_large_image","twitter_misc":{"[Portuguese, Portugal] Est. reading time":"[Portuguese, Portugal] 2 minute"},"schema":{"@context":"https:\/\/schema.org","@graph":[{"@type":"WebPage","@id":"https:\/\/tanquedavila.pt\/prices\/","url":"https:\/\/tanquedavila.pt\/prices\/","name":"[Portuguese, Portugal] Pre\u00e7os - [Portuguese, Portugal] Tanque da Vila","isPartOf":{"@id":"https:\/\/tanquedavila.pt\/#website"},"datePublished":"2017-01-02T11:08:25+00:00","dateModified":"2025-06-24T12:27:32+00:00","breadcrumb":{"@id":"https:\/\/tanquedavila.pt\/prices\/#breadcrumb"},"inLanguage":"pt-PT","potentialAction":[{"@type":"ReadAction","target":["https:\/\/tanquedavila.pt\/prices\/"]}]},{"@type":"BreadcrumbList","@id":"https:\/\/tanquedavila.pt\/prices\/#breadcrumb","itemListElement":[{"@type":"ListItem","position":1,"name":"[Portuguese, Portugal] Home","item":"https:\/\/tanquedavila.pt\/pt-pt\/casa\/"},{"@type":"ListItem","position":2,"name":"Pre\u00e7os"}]},{"@type":"WebSite","@id":"https:\/\/tanquedavila.pt\/#website","url":"https:\/\/tanquedavila.pt\/","name":"Tanque da Vila","description":"[Portuguese, Portugal] a sua lavandaria...","publisher":{"@id":"https:\/\/tanquedavila.pt\/#organization"},"potentialAction":[{"@type":"SearchAction","target":{"@type":"EntryPoint","urlTemplate":"https:\/\/tanquedavila.pt\/?s={search_term_string}"},"query-input":{"@type":"PropertyValueSpecification","valueRequired":true,"valueName":"search_term_string"}}],"inLanguage":"pt-PT"},{"@type":"Organization","@id":"https:\/\/tanquedavila.pt\/#organization","name":"[Portuguese, Portugal] Tanque da Vila","url":"https:\/\/tanquedavila.pt\/","logo":{"@type":"ImageObject","inLanguage":"pt-PT","@id":"https:\/\/tanquedavila.pt\/#\/schema\/logo\/image\/","url":"http:\/\/tanquedavila.pt\/wp-content\/uploads\/2024\/05\/logotipo.png","contentUrl":"http:\/\/tanquedavila.pt\/wp-content\/uploads\/2024\/05\/logotipo.png","width":1080,"height":1080,"caption":"[Portuguese, Portugal] Tanque da Vila"},"image":{"@id":"https:\/\/tanquedavila.pt\/#\/schema\/logo\/image\/"},"sameAs":["https:\/\/www.facebook.com\/TanquedaVila"]}]}},"_links":{"self":[{"href":"https:\/\/tanquedavila.pt\/pt-pt\/wp-json\/wp\/v2\/pages\/4967","targetHints":{"allow":["GET"]}}],"collection":[{"href":"https:\/\/tanquedavila.pt\/pt-pt\/wp-json\/wp\/v2\/pages"}],"about":[{"href":"https:\/\/tanquedavila.pt\/pt-pt\/wp-json\/wp\/v2\/types\/page"}],"author":[{"embeddable":true,"href":"https:\/\/tanquedavila.pt\/pt-pt\/wp-json\/wp\/v2\/users\/1"}],"replies":[{"embeddable":true,"href":"https:\/\/tanquedavila.pt\/pt-pt\/wp-json\/wp\/v2\/comments?post=4967"}],"version-history":[{"count":21,"href":"https:\/\/tanquedavila.pt\/pt-pt\/wp-json\/wp\/v2\/pages\/4967\/revisions"}],"predecessor-version":[{"id":5089,"href":"https:\/\/tanquedavila.pt\/pt-pt\/wp-json\/wp\/v2\/pages\/4967\/revisions\/5089"}],"wp:attachment":[{"href":"https:\/\/tanquedavila.pt\/pt-pt\/wp-json\/wp\/v2\/media?parent=4967"}],"curies":[{"name":"wp","href":"https:\/\/api.w.org\/{rel}","templated":true}]}}