{"id":4966,"date":"2025-06-10T19:01:10","date_gmt":"2025-06-10T19:01:10","guid":{"rendered":"https:\/\/tanquedavila.pt\/politica-de-privacidade\/"},"modified":"2025-06-10T19:01:10","modified_gmt":"2025-06-10T19:01:10","slug":"politica-de-privacidade","status":"publish","type":"page","link":"https:\/\/tanquedavila.pt\/pt-pt\/politica-de-privacidade\/","title":{"rendered":"Pol\u00edtica de Privacidade"},"content":{"rendered":"<h2 data-sourcepos=\"3:1-3:26\">Pol\u00edtica de Privacidade<\/h2>\n<p data-sourcepos=\"5:1-5:186\">A tua privacidade \u00e9 fundamental para n\u00f3s. <span class=\"citation-10 citation-end-10\">Esta Pol\u00edtica de Privacidade descreve como recolhemos, usamos e protegemos as suas informa\u00e7\u00f5es pessoais quando visita o nosso<\/span> site.<\/p>\n<hr data-sourcepos=\"7:1-7:3\">\n<h3 data-sourcepos=\"9:1-9:33\">1. Informa\u00e7\u00f5es que Recolhemos<\/h3>\n<p data-sourcepos=\"11:1-11:57\">Podemos recolher os seguintes tipos de <span class=\"citation-9\">informa\u00e7\u00f5es:<\/span><\/p>\n<ul data-sourcepos=\"13:1-15:0\">\n<li data-sourcepos=\"13:1-13:242\"><strong><span class=\"citation-9\">Informa\u00e7\u00f5es de Identifica\u00e7\u00e3o Pessoal:<\/span><\/strong><span class=\"citation-9 citation-end-9\"> Como nome, endere\u00e7o de e-mail, n\u00famero de telefone, e outras informa\u00e7\u00f5es que<\/span> nos forne\u00e7a voluntariamente ao preencher formul\u00e1rios, registar-se no site, subscrever newsletters ou fazer compras.<\/li>\n<li data-sourcepos=\"14:1-15:0\"><strong>Informa\u00e7\u00f5es de Navega\u00e7\u00e3o:<\/strong> Dados sobre a sua visita ao site, como endere\u00e7o IP, tipo de navegador, p\u00e1ginas visitadas, tempo de perman\u00eancia, e refer\u00eancias de sites. Estas informa\u00e7\u00f5es s\u00e3o recolhidas atrav\u00e9s de cookies e tecnologias semelhantes (ver sec\u00e7\u00e3o 3). <\/li>\n<\/ul>\n<hr data-sourcepos=\"16:1-16:3\">\n<h3 data-sourcepos=\"18:1-18:38\">2. Como Usamos as Tuas Informa\u00e7\u00f5es<\/h3>\n<p data-sourcepos=\"20:1-20:52\">As informa\u00e7\u00f5es recolhidas podem ser utilizadas para:<\/p>\n<ul data-sourcepos=\"22:1-30:0\">\n<li data-sourcepos=\"22:1-22:44\">Fornecer e gerir os servi\u00e7os que solicita.<\/li>\n<li data-sourcepos=\"23:1-23:57\">Processar as suas transac\u00e7\u00f5es e enviar-lhe confirma\u00e7\u00f5es.<\/li>\n<li data-sourcepos=\"24:1-24:43\">Melhorar a tua experi\u00eancia no nosso site.<\/li>\n<li data-sourcepos=\"25:1-25:67\">Comunicar consigo, responder \u00e0s suas quest\u00f5es e fornecer apoio.<\/li>\n<li data-sourcepos=\"26:1-26:73\">Enviar informa\u00e7\u00f5es de marketing ou promocionais, caso tenhas consentido.<\/li>\n<li data-sourcepos=\"27:1-27:60\">Personaliza o conte\u00fado e as ofertas que lhe apresentamos.<\/li>\n<li data-sourcepos=\"28:1-28:88\">Monitorizar e analisar tend\u00eancias, uso e atividades em conex\u00e3o com os nossos servi\u00e7os.<\/li>\n<li data-sourcepos=\"29:1-30:0\">Garante a seguran\u00e7a do nosso site e previne atividades fraudulentas.<\/li>\n<\/ul>\n<hr data-sourcepos=\"31:1-31:3\">\n<h3 data-sourcepos=\"33:1-33:40\">3. Cookies e Tecnologias Semelhantes<\/h3>\n<p data-sourcepos=\"35:1-35:248\">Utilizamos cookies e tecnologias de rastreamento para melhorar a sua experi\u00eancia de navega\u00e7\u00e3o, analisar o tr\u00e1fego do site  <span class=\"citation-8 citation-end-8\">e personaliza o conte\u00fado. Podes gerir as tuas prefer\u00eancias de cookies atrav\u00e9s das configura\u00e7\u00f5es do teu navegador. <\/span><\/p>\n<hr data-sourcepos=\"37:1-37:3\">\n<h3 data-sourcepos=\"39:1-39:30\">4. Partilha de Informa\u00e7\u00f5es<\/h3>\n<p data-sourcepos=\"41:1-41:351\"><span class=\"citation-7 citation-end-7\">N\u00e3o vendemos, trocamos ou alugamos as suas informa\u00e7\u00f5es de identifica\u00e7\u00e3o pessoal a terceiros. Podemos partilhar informa\u00e7\u00f5es <\/span>  gen\u00e9ricas agregadas (n\u00e3o ligadas a qualquer informa\u00e7\u00e3o de identifica\u00e7\u00e3o pessoal sobre visitantes e utilizadores) com os nossos parceiros de neg\u00f3cio, afiliados de confian\u00e7a e anunciantes para os fins descritos acima.<\/p>\n<p data-sourcepos=\"43:1-43:242\">Podemos partilhar as suas informa\u00e7\u00f5es com prestadores de servi\u00e7os terceirizados que nos ajudam a operar o nosso neg\u00f3cio e o site, ou a administrar atividades em nosso nome, como o envio de newsletters ou a realiza\u00e7\u00e3o de an\u00e1lises estat\u00edsticas.<\/p>\n<hr data-sourcepos=\"45:1-45:3\">\n<h3 data-sourcepos=\"47:1-47:36\">5. Liga\u00e7\u00f5es a Sites de Terceiros<\/h3>\n<p data-sourcepos=\"49:1-49:233\"><span class=\"citation-6 citation-end-6\">O nosso site pode conter liga\u00e7\u00f5es para sites de terceiros. N\u00e3o somos respons\u00e1veis pelas pr\u00e1ticas de privacidade ou pelo conte\u00fado desses sites. <\/span>  Aconselhamos que reveja as pol\u00edticas de privacidade de cada site que visita.<\/p>\n<hr data-sourcepos=\"51:1-51:3\">\n<h3 data-sourcepos=\"53:1-53:16\">6. Seguran\u00e7a<\/h3>\n<p data-sourcepos=\"55:1-55:295\">Implementamos <span class=\"citation-5\">medidas de seguran\u00e7a adequadas para proteger as tuas <\/span> <span class=\"citation-4 citation-5 citation-end-5\">informa\u00e7\u00f5es pessoais contra acesso n\u00e3o autorizado, altera\u00e7\u00e3o, divulga\u00e7\u00e3o ou destrui\u00e7\u00e3o. No entanto, <\/span> <span class=\"citation-4 citation-end-4\"> lembra-te que nenhum m\u00e9todo de transmiss\u00e3o pela internet<\/span> ou de armazenamento eletr\u00f3nico \u00e9 100% seguro.<\/p>\n<hr data-sourcepos=\"57:1-57:3\">\n<h3 data-sourcepos=\"59:1-59:23\">7. Os teus direitos<\/h3>\n<p data-sourcepos=\"61:1-61:263\">De acordo com a legisla\u00e7\u00e3o de prote\u00e7\u00e3o de dados aplic\u00e1vel, tem o direito de aceder, retificar, apagar ou opor-se ao tratamento dos seus dados pessoais. Se desejar exercer algum destes direitos, por favor, contacta-nos atrav\u00e9s dos detalhes fornecidos <span class=\"citation-3\">abaixo.<\/span> <\/p>\n<hr data-sourcepos=\"63:1-63:3\">\n<h3 data-sourcepos=\"65:1-65:48\"><span class=\"citation-3\">8. Altera\u00e7\u00f5es a Esta Pol\u00edtica de Privacidade<\/span><\/h3>\n<p data-sourcepos=\"67:1-67:263\"><span class=\"citation-3\">Podemos  <\/span><span class=\"citation-2 citation-3 citation-end-3\">atualiza esta Pol\u00edtica de Privacidade periodicamente. Publicaremos quaisquer altera\u00e7\u00f5es <\/span> <span class=\"citation-2 citation-end-2\"> nesta p\u00e1gina e, se as altera\u00e7\u00f5es forem significativas, forneceremos<\/span> um aviso mais proeminente. Aconselhamos que revejas esta pol\u00edtica regularmente. <\/p>\n<hr data-sourcepos=\"69:1-69:3\">\n<h3 data-sourcepos=\"71:1-71:26\">9. <span class=\"citation-1\">Contacta<\/span><\/h3>\n<p data-sourcepos=\"73:1-73:157\"><span class=\"citation-1 citation-end-1\">Se tiveres alguma quest\u00e3o sobre esta Pol\u00edtica de Privacidade, as pr\u00e1ticas deste site ou as suas intera\u00e7\u00f5es com<\/span> ele, por favor, contacta-nos atrav\u00e9s de:<\/p>\n<ul>\n<li><strong>Procura: <\/strong>Tanque da Vila &#8211; Rua da Brecha 75 &#8211; 4415-920 Seixezelo, Portugal<\/li>\n<li><strong>Envia um e-mail: <\/strong><a href=\"mailto:info@tanquedavila.pt\" target=\"_blank\" rel=\"noopener\">info@tanquedavila.pt<\/a><\/li>\n<li><strong>Telefona: <\/strong><a href=\"tel:915893386\" target=\"_blank\" rel=\"noopener\">915893386<\/a><\/li>\n<li><strong>Formul\u00e1rio de contacto: <\/strong><a href=\"https:\/\/tanquedavila.pt\/contact-us\/\" target=\"_blank\" rel=\"noopener\">tanquedavila.pt\/contact-us\/<\/a><\/li>\n<\/ul>\n<hr data-sourcepos=\"79:1-79:3\">\n<p data-sourcepos=\"81:1-81:43\">Esta pol\u00edtica \u00e9 efectiva a partir de 10-06-2025.<\/p>\n","protected":false},"excerpt":{"rendered":"<p>Pol\u00edtica de Privacidade A tua privacidade \u00e9 fundamental para n\u00f3s. Esta Pol\u00edtica de Privacidade descreve como recolhemos, usamos e protegemos as suas informa\u00e7\u00f5es pessoais quando visita o nosso site. 1. Informa\u00e7\u00f5es que Recolhemos Podemos recolher os seguintes tipos de informa\u00e7\u00f5es: Informa\u00e7\u00f5es de Identifica\u00e7\u00e3o Pessoal: Como nome, endere\u00e7o de e-mail, n\u00famero de telefone, e outras informa\u00e7\u00f5es [&hellip;]<\/p>\n","protected":false},"author":1,"featured_media":0,"parent":0,"menu_order":0,"comment_status":"closed","ping_status":"closed","template":"","meta":{"footnotes":""},"class_list":["post-4966","page","type-page","status-publish","hentry"],"yoast_head":"<!-- This site is optimized with the Yoast SEO plugin v25.4 - https:\/\/yoast.com\/wordpress\/plugins\/seo\/ -->\n<title>[Portuguese, Portugal] Pol\u00edtica de Privacidade - [Portuguese, Portugal] Tanque da Vila<\/title>\n<meta name=\"robots\" content=\"index, follow, max-snippet:-1, max-image-preview:large, max-video-preview:-1\" \/>\n<link rel=\"canonical\" href=\"https:\/\/tanquedavila.pt\/politica-de-privacidade\/\" \/>\n<meta property=\"og:locale\" content=\"pt_PT\" \/>\n<meta property=\"og:type\" content=\"article\" \/>\n<meta property=\"og:title\" content=\"[Portuguese, Portugal] Pol\u00edtica de Privacidade - [Portuguese, Portugal] Tanque da Vila\" \/>\n<meta property=\"og:description\" content=\"Pol\u00edtica de Privacidade A tua privacidade \u00e9 fundamental para n\u00f3s. Esta Pol\u00edtica de Privacidade descreve como recolhemos, usamos e protegemos as suas informa\u00e7\u00f5es pessoais quando visita o nosso site. 1. Informa\u00e7\u00f5es que Recolhemos Podemos recolher os seguintes tipos de informa\u00e7\u00f5es: Informa\u00e7\u00f5es de Identifica\u00e7\u00e3o Pessoal: Como nome, endere\u00e7o de e-mail, n\u00famero de telefone, e outras informa\u00e7\u00f5es [&hellip;]\" \/>\n<meta property=\"og:url\" content=\"https:\/\/tanquedavila.pt\/politica-de-privacidade\/\" \/>\n<meta property=\"og:site_name\" content=\"[Portuguese, Portugal] Tanque da Vila\" \/>\n<meta property=\"article:publisher\" content=\"https:\/\/www.facebook.com\/TanquedaVila\" \/>\n<meta name=\"twitter:card\" content=\"summary_large_image\" \/>\n<meta name=\"twitter:label1\" content=\"[Portuguese, Portugal] Est. reading time\" \/>\n\t<meta name=\"twitter:data1\" content=\"[Portuguese, Portugal] 3 minute\" \/>\n<script type=\"application\/ld+json\" class=\"yoast-schema-graph\">{\"@context\":\"https:\/\/schema.org\",\"@graph\":[{\"@type\":\"WebPage\",\"@id\":\"https:\/\/tanquedavila.pt\/politica-de-privacidade\/\",\"url\":\"https:\/\/tanquedavila.pt\/politica-de-privacidade\/\",\"name\":\"[Portuguese, Portugal] Pol\u00edtica de Privacidade - [Portuguese, Portugal] Tanque da Vila\",\"isPartOf\":{\"@id\":\"https:\/\/tanquedavila.pt\/#website\"},\"datePublished\":\"2025-06-10T19:01:10+00:00\",\"breadcrumb\":{\"@id\":\"https:\/\/tanquedavila.pt\/politica-de-privacidade\/#breadcrumb\"},\"inLanguage\":\"pt-PT\",\"potentialAction\":[{\"@type\":\"ReadAction\",\"target\":[\"https:\/\/tanquedavila.pt\/politica-de-privacidade\/\"]}]},{\"@type\":\"BreadcrumbList\",\"@id\":\"https:\/\/tanquedavila.pt\/politica-de-privacidade\/#breadcrumb\",\"itemListElement\":[{\"@type\":\"ListItem\",\"position\":1,\"name\":\"[Portuguese, Portugal] Home\",\"item\":\"https:\/\/tanquedavila.pt\/pt-pt\/casa\/\"},{\"@type\":\"ListItem\",\"position\":2,\"name\":\"Pol\u00edtica de Privacidade\"}]},{\"@type\":\"WebSite\",\"@id\":\"https:\/\/tanquedavila.pt\/#website\",\"url\":\"https:\/\/tanquedavila.pt\/\",\"name\":\"Tanque da Vila\",\"description\":\"[Portuguese, Portugal] a sua lavandaria...\",\"publisher\":{\"@id\":\"https:\/\/tanquedavila.pt\/#organization\"},\"potentialAction\":[{\"@type\":\"SearchAction\",\"target\":{\"@type\":\"EntryPoint\",\"urlTemplate\":\"https:\/\/tanquedavila.pt\/?s={search_term_string}\"},\"query-input\":{\"@type\":\"PropertyValueSpecification\",\"valueRequired\":true,\"valueName\":\"search_term_string\"}}],\"inLanguage\":\"pt-PT\"},{\"@type\":\"Organization\",\"@id\":\"https:\/\/tanquedavila.pt\/#organization\",\"name\":\"[Portuguese, Portugal] Tanque da Vila\",\"url\":\"https:\/\/tanquedavila.pt\/\",\"logo\":{\"@type\":\"ImageObject\",\"inLanguage\":\"pt-PT\",\"@id\":\"https:\/\/tanquedavila.pt\/#\/schema\/logo\/image\/\",\"url\":\"http:\/\/tanquedavila.pt\/wp-content\/uploads\/2024\/05\/logotipo.png\",\"contentUrl\":\"http:\/\/tanquedavila.pt\/wp-content\/uploads\/2024\/05\/logotipo.png\",\"width\":1080,\"height\":1080,\"caption\":\"[Portuguese, Portugal] Tanque da Vila\"},\"image\":{\"@id\":\"https:\/\/tanquedavila.pt\/#\/schema\/logo\/image\/\"},\"sameAs\":[\"https:\/\/www.facebook.com\/TanquedaVila\"]}]}<\/script>\n<!-- \/ Yoast SEO plugin. -->","yoast_head_json":{"title":"[Portuguese, Portugal] Pol\u00edtica de Privacidade - [Portuguese, Portugal] Tanque da Vila","robots":{"index":"index","follow":"follow","max-snippet":"max-snippet:-1","max-image-preview":"max-image-preview:large","max-video-preview":"max-video-preview:-1"},"canonical":"https:\/\/tanquedavila.pt\/politica-de-privacidade\/","og_locale":"pt_PT","og_type":"article","og_title":"[Portuguese, Portugal] Pol\u00edtica de Privacidade - [Portuguese, Portugal] Tanque da Vila","og_description":"Pol\u00edtica de Privacidade A tua privacidade \u00e9 fundamental para n\u00f3s. Esta Pol\u00edtica de Privacidade descreve como recolhemos, usamos e protegemos as suas informa\u00e7\u00f5es pessoais quando visita o nosso site. 1. Informa\u00e7\u00f5es que Recolhemos Podemos recolher os seguintes tipos de informa\u00e7\u00f5es: Informa\u00e7\u00f5es de Identifica\u00e7\u00e3o Pessoal: Como nome, endere\u00e7o de e-mail, n\u00famero de telefone, e outras informa\u00e7\u00f5es [&hellip;]","og_url":"https:\/\/tanquedavila.pt\/politica-de-privacidade\/","og_site_name":"[Portuguese, Portugal] Tanque da Vila","article_publisher":"https:\/\/www.facebook.com\/TanquedaVila","twitter_card":"summary_large_image","twitter_misc":{"[Portuguese, Portugal] Est. reading time":"[Portuguese, Portugal] 3 minute"},"schema":{"@context":"https:\/\/schema.org","@graph":[{"@type":"WebPage","@id":"https:\/\/tanquedavila.pt\/politica-de-privacidade\/","url":"https:\/\/tanquedavila.pt\/politica-de-privacidade\/","name":"[Portuguese, Portugal] Pol\u00edtica de Privacidade - [Portuguese, Portugal] Tanque da Vila","isPartOf":{"@id":"https:\/\/tanquedavila.pt\/#website"},"datePublished":"2025-06-10T19:01:10+00:00","breadcrumb":{"@id":"https:\/\/tanquedavila.pt\/politica-de-privacidade\/#breadcrumb"},"inLanguage":"pt-PT","potentialAction":[{"@type":"ReadAction","target":["https:\/\/tanquedavila.pt\/politica-de-privacidade\/"]}]},{"@type":"BreadcrumbList","@id":"https:\/\/tanquedavila.pt\/politica-de-privacidade\/#breadcrumb","itemListElement":[{"@type":"ListItem","position":1,"name":"[Portuguese, Portugal] Home","item":"https:\/\/tanquedavila.pt\/pt-pt\/casa\/"},{"@type":"ListItem","position":2,"name":"Pol\u00edtica de Privacidade"}]},{"@type":"WebSite","@id":"https:\/\/tanquedavila.pt\/#website","url":"https:\/\/tanquedavila.pt\/","name":"Tanque da Vila","description":"[Portuguese, Portugal] a sua lavandaria...","publisher":{"@id":"https:\/\/tanquedavila.pt\/#organization"},"potentialAction":[{"@type":"SearchAction","target":{"@type":"EntryPoint","urlTemplate":"https:\/\/tanquedavila.pt\/?s={search_term_string}"},"query-input":{"@type":"PropertyValueSpecification","valueRequired":true,"valueName":"search_term_string"}}],"inLanguage":"pt-PT"},{"@type":"Organization","@id":"https:\/\/tanquedavila.pt\/#organization","name":"[Portuguese, Portugal] Tanque da Vila","url":"https:\/\/tanquedavila.pt\/","logo":{"@type":"ImageObject","inLanguage":"pt-PT","@id":"https:\/\/tanquedavila.pt\/#\/schema\/logo\/image\/","url":"http:\/\/tanquedavila.pt\/wp-content\/uploads\/2024\/05\/logotipo.png","contentUrl":"http:\/\/tanquedavila.pt\/wp-content\/uploads\/2024\/05\/logotipo.png","width":1080,"height":1080,"caption":"[Portuguese, Portugal] Tanque da Vila"},"image":{"@id":"https:\/\/tanquedavila.pt\/#\/schema\/logo\/image\/"},"sameAs":["https:\/\/www.facebook.com\/TanquedaVila"]}]}},"_links":{"self":[{"href":"https:\/\/tanquedavila.pt\/pt-pt\/wp-json\/wp\/v2\/pages\/4966","targetHints":{"allow":["GET"]}}],"collection":[{"href":"https:\/\/tanquedavila.pt\/pt-pt\/wp-json\/wp\/v2\/pages"}],"about":[{"href":"https:\/\/tanquedavila.pt\/pt-pt\/wp-json\/wp\/v2\/types\/page"}],"author":[{"embeddable":true,"href":"https:\/\/tanquedavila.pt\/pt-pt\/wp-json\/wp\/v2\/users\/1"}],"replies":[{"embeddable":true,"href":"https:\/\/tanquedavila.pt\/pt-pt\/wp-json\/wp\/v2\/comments?post=4966"}],"version-history":[{"count":0,"href":"https:\/\/tanquedavila.pt\/pt-pt\/wp-json\/wp\/v2\/pages\/4966\/revisions"}],"wp:attachment":[{"href":"https:\/\/tanquedavila.pt\/pt-pt\/wp-json\/wp\/v2\/media?parent=4966"}],"curies":[{"name":"wp","href":"https:\/\/api.w.org\/{rel}","templated":true}]}}